{"id":1517,"date":"2022-10-19T13:57:23","date_gmt":"2022-10-19T16:57:23","guid":{"rendered":"https:\/\/logicsite.com.br\/padrao2\/?page_id=1517"},"modified":"2025-11-13T08:25:28","modified_gmt":"2025-11-13T11:25:28","slug":"quem-somos","status":"publish","type":"page","link":"https:\/\/www.fdimpulse.com\/site\/quem-somos\/","title":{"rendered":"Quem Somos"},"content":{"rendered":"\t\t<div data-elementor-type=\"wp-page\" data-elementor-id=\"1517\" class=\"elementor elementor-1517\">\n\t\t\t\t\t\t<section data-wpr-particles=\"{&quot;particles&quot;:{&quot;number&quot;:{&quot;value&quot;:180,&quot;density&quot;:{&quot;enable&quot;:true,&quot;value_area&quot;:800}},&quot;color&quot;:{&quot;value&quot;:&quot;#000000&quot;},&quot;shape&quot;:{&quot;type&quot;:&quot;circle&quot;,&quot;stroke&quot;:{&quot;width&quot;:0,&quot;color&quot;:&quot;#000000&quot;},&quot;polygon&quot;:{&quot;nb_sides&quot;:5},&quot;image&quot;:{&quot;src&quot;:&quot;img\/github.svg&quot;,&quot;width&quot;:100,&quot;height&quot;:100}},&quot;opacity&quot;:{&quot;value&quot;:0.5,&quot;random&quot;:false,&quot;anim&quot;:{&quot;enable&quot;:false,&quot;speed&quot;:1,&quot;opacity_min&quot;:0.1,&quot;sync&quot;:false}},&quot;size&quot;:{&quot;value&quot;:3,&quot;random&quot;:true,&quot;anim&quot;:{&quot;enable&quot;:false,&quot;speed&quot;:40,&quot;size_min&quot;:0.1,&quot;sync&quot;:false}},&quot;line_linked&quot;:{&quot;enable&quot;:true,&quot;distance&quot;:150,&quot;color&quot;:&quot;#000000&quot;,&quot;opacity&quot;:0.4,&quot;width&quot;:1},&quot;move&quot;:{&quot;enable&quot;:true,&quot;speed&quot;:6,&quot;direction&quot;:&quot;none&quot;,&quot;random&quot;:false,&quot;straight&quot;:false,&quot;out_mode&quot;:&quot;out&quot;,&quot;bounce&quot;:false,&quot;attract&quot;:{&quot;enable&quot;:false,&quot;rotateX&quot;:600,&quot;rotateY&quot;:1200}}},&quot;interactivity&quot;:{&quot;detect_on&quot;:&quot;window&quot;,&quot;events&quot;:{&quot;onhover&quot;:{&quot;enable&quot;:true,&quot;mode&quot;:&quot;repulse&quot;},&quot;onclick&quot;:{&quot;enable&quot;:true,&quot;mode&quot;:&quot;push&quot;},&quot;resize&quot;:true},&quot;modes&quot;:{&quot;grab&quot;:{&quot;distance&quot;:400,&quot;line_linked&quot;:{&quot;opacity&quot;:1}},&quot;bubble&quot;:{&quot;distance&quot;:400,&quot;size&quot;:80,&quot;duration&quot;:2,&quot;opacity&quot;:48,&quot;speed&quot;:3},&quot;repulse&quot;:{&quot;distance&quot;:200,&quot;duration&quot;:0.4},&quot;push&quot;:{&quot;particles_nb&quot;:4},&quot;remove&quot;:{&quot;particles_nb&quot;:2}}},&quot;retina_detect&quot;:true}\" particle-source=\"wpr_particle_json_custom\" wpr-quantity=\"80\" wpr-color=\"#000000\" wpr-speed=\"6\" wpr-shape=\"triangle\" wpr-size=\"3\" class=\"elementor-section elementor-top-section elementor-element elementor-element-cd76e80 elementor-section-height-min-height elementor-section-stretched wpr-particle-yes elementor-section-boxed elementor-section-height-default elementor-section-items-middle wpr-jarallax-no wpr-parallax-no wpr-sticky-section-no\" data-id=\"cd76e80\" data-element_type=\"section\" data-e-type=\"section\" data-settings=\"{&quot;background_background&quot;:&quot;gradient&quot;,&quot;stretch_section&quot;:&quot;section-stretched&quot;}\">\n\t\t\t\t\t\t\t<div class=\"elementor-background-overlay\"><\/div>\n\t\t\t\t\t\t\t<div class=\"elementor-container elementor-column-gap-no\">\n\t\t\t\t\t<div class=\"elementor-column elementor-col-100 elementor-top-column elementor-element elementor-element-bffcb60\" data-id=\"bffcb60\" data-element_type=\"column\" data-e-type=\"column\">\n\t\t\t<div class=\"elementor-widget-wrap elementor-element-populated\">\n\t\t\t\t\t\t<div class=\"elementor-element elementor-element-d7f0ff4 elementor-widget elementor-widget-heading\" data-id=\"d7f0ff4\" data-element_type=\"widget\" data-e-type=\"widget\" data-widget_type=\"heading.default\">\n\t\t\t\t<div class=\"elementor-widget-container\">\n\t\t\t\t\t<h1 class=\"elementor-heading-title elementor-size-default\">FD Impulse<\/h1>\t\t\t\t<\/div>\n\t\t\t\t<\/div>\n\t\t\t\t\t<\/div>\n\t\t<\/div>\n\t\t\t\t\t<\/div>\n\t\t<\/section>\n\t\t\t\t<section class=\"elementor-section elementor-top-section elementor-element elementor-element-222cafd elementor-section-height-min-height elementor-section-stretched elementor-section-boxed elementor-section-height-default elementor-section-items-middle wpr-particle-no wpr-jarallax-no wpr-parallax-no wpr-sticky-section-no\" data-id=\"222cafd\" data-element_type=\"section\" data-e-type=\"section\" data-settings=\"{&quot;background_background&quot;:&quot;classic&quot;,&quot;stretch_section&quot;:&quot;section-stretched&quot;}\">\n\t\t\t\t\t\t\t<div class=\"elementor-background-overlay\"><\/div>\n\t\t\t\t\t\t\t<div class=\"elementor-container elementor-column-gap-no\">\n\t\t\t\t\t<div class=\"elementor-column elementor-col-100 elementor-top-column elementor-element elementor-element-6072f21\" data-id=\"6072f21\" data-element_type=\"column\" data-e-type=\"column\">\n\t\t\t<div class=\"elementor-widget-wrap elementor-element-populated\">\n\t\t\t\t\t\t<div class=\"elementor-element elementor-element-276e08c elementor-widget elementor-widget-heading\" data-id=\"276e08c\" data-element_type=\"widget\" data-e-type=\"widget\" data-settings=\"{&quot;_animation_mobile&quot;:&quot;fadeInUp&quot;}\" data-widget_type=\"heading.default\">\n\t\t\t\t<div class=\"elementor-widget-container\">\n\t\t\t\t\t<h1 class=\"elementor-heading-title elementor-size-default\">Sua equipe com os melhores resultados<\/h1>\t\t\t\t<\/div>\n\t\t\t\t<\/div>\n\t\t\t\t\t<\/div>\n\t\t<\/div>\n\t\t\t\t\t<\/div>\n\t\t<\/section>\n\t\t\t\t<section class=\"elementor-section elementor-top-section elementor-element elementor-element-2ac2c01c elementor-section-stretched elementor-section-boxed elementor-section-height-default elementor-section-height-default wpr-particle-no wpr-jarallax-no wpr-parallax-no wpr-sticky-section-no\" data-id=\"2ac2c01c\" data-element_type=\"section\" data-e-type=\"section\" data-settings=\"{&quot;stretch_section&quot;:&quot;section-stretched&quot;}\">\n\t\t\t\t\t\t<div class=\"elementor-container elementor-column-gap-no\">\n\t\t\t\t\t<div class=\"elementor-column elementor-col-50 elementor-top-column elementor-element elementor-element-189ba106\" data-id=\"189ba106\" data-element_type=\"column\" data-e-type=\"column\">\n\t\t\t<div class=\"elementor-widget-wrap elementor-element-populated\">\n\t\t\t\t\t\t<div class=\"elementor-element elementor-element-6f26cf42 animated-slow elementor-invisible elementor-widget elementor-widget-image\" data-id=\"6f26cf42\" data-element_type=\"widget\" data-e-type=\"widget\" data-settings=\"{&quot;_animation&quot;:&quot;fadeIn&quot;,&quot;_animation_delay&quot;:400}\" data-widget_type=\"image.default\">\n\t\t\t\t<div class=\"elementor-widget-container\">\n\t\t\t\t\t\t\t\t\t\t\t\t\t\t\t<img decoding=\"async\" src=\"https:\/\/www.fdimpulse.com\/site\/wp-content\/uploads\/2025\/11\/fdimpulse-man.png\" title=\"fdimpulse-man\" alt=\"fdimpulse-man\" loading=\"lazy\" \/>\t\t\t\t\t\t\t\t\t\t\t\t\t\t\t<\/div>\n\t\t\t\t<\/div>\n\t\t\t\t\t<\/div>\n\t\t<\/div>\n\t\t\t\t<div class=\"elementor-column elementor-col-50 elementor-top-column elementor-element elementor-element-7757a754\" data-id=\"7757a754\" data-element_type=\"column\" data-e-type=\"column\">\n\t\t\t<div class=\"elementor-widget-wrap elementor-element-populated\">\n\t\t\t\t\t\t<div class=\"elementor-element elementor-element-5cbb41a elementor-invisible elementor-widget elementor-widget-text-editor\" data-id=\"5cbb41a\" data-element_type=\"widget\" data-e-type=\"widget\" data-settings=\"{&quot;_animation&quot;:&quot;fadeInUp&quot;,&quot;_animation_mobile&quot;:&quot;fadeInUp&quot;,&quot;_animation_delay&quot;:444}\" data-widget_type=\"text-editor.default\">\n\t\t\t\t<div class=\"elementor-widget-container\">\n\t\t\t\t\t\t\t\t\t<p style=\"text-align: justify;\">A FD Impulse \u00e9 uma consultoria especializada em impulsionar o desempenho de empresas e empreendedores atrav\u00e9s de planejamento estrat\u00e9gico, gest\u00e3o comercial e capacita\u00e7\u00e3o profissional.<\/p><p style=\"text-align: justify;\">Com uma equipe experiente e multidisciplinar, a FD Impulse atua na constru\u00e7\u00e3o de planos comerciais, estrutura\u00e7\u00e3o de times de vendas, treinamento de equipes e suporte a microempreendedores individuais, sempre com foco em resultados reais e sustent\u00e1veis.<\/p><p style=\"text-align: justify;\">Al\u00e9m da consultoria, a FD Impulse oferece solu\u00e7\u00f5es educacionais e administrativas, como o curso Dominando Planilhas 2.0 e os planos de Administra\u00e7\u00e3o e Regulariza\u00e7\u00e3o de MEI, permitindo que cada cliente tenha um suporte completo, da estrat\u00e9gia \u00e0 execu\u00e7\u00e3o.<\/p>\t\t\t\t\t\t\t\t<\/div>\n\t\t\t\t<\/div>\n\t\t\t\t\t<\/div>\n\t\t<\/div>\n\t\t\t\t\t<\/div>\n\t\t<\/section>\n\t\t\t\t<section class=\"elementor-section elementor-top-section elementor-element elementor-element-a648063 elementor-section-stretched elementor-section-boxed elementor-section-height-default elementor-section-height-default wpr-particle-no wpr-jarallax-no wpr-parallax-no wpr-sticky-section-no\" data-id=\"a648063\" data-element_type=\"section\" data-e-type=\"section\" data-settings=\"{&quot;stretch_section&quot;:&quot;section-stretched&quot;}\">\n\t\t\t\t\t\t<div class=\"elementor-container elementor-column-gap-no\">\n\t\t\t\t\t<div class=\"elementor-column elementor-col-100 elementor-top-column elementor-element elementor-element-e438192\" data-id=\"e438192\" data-element_type=\"column\" data-e-type=\"column\">\n\t\t\t<div class=\"elementor-widget-wrap elementor-element-populated\">\n\t\t\t\t\t\t<div class=\"elementor-element elementor-element-803b0f7 elementor-widget elementor-widget-ucaddon_content_carousel_new\" data-id=\"803b0f7\" data-element_type=\"widget\" data-e-type=\"widget\" data-widget_type=\"ucaddon_content_carousel_new.default\">\n\t\t\t\t<div class=\"elementor-widget-container\">\n\t\t\t\t\t<!-- start Content Carousel -->\n\t\t<link id='font-awesome-css' href='https:\/\/www.fdimpulse.com\/site\/wp-content\/plugins\/unlimited-elements-for-elementor-premium\/assets_libraries\/font-awesome5\/css\/fontawesome-all.min.css' type='text\/css' rel='stylesheet' >\n\t\t<link id='font-awesome-4-shim-css' href='https:\/\/www.fdimpulse.com\/site\/wp-content\/plugins\/unlimited-elements-for-elementor-premium\/assets_libraries\/font-awesome5\/css\/fontawesome-v4-shims.css' type='text\/css' rel='stylesheet' >\n\t\t<link id='owl-carousel-css' href='https:\/\/www.fdimpulse.com\/site\/wp-content\/plugins\/unlimited-elements-for-elementor-premium\/assets_libraries\/owl-carousel-new\/assets\/owl.carousel.css' type='text\/css' rel='stylesheet' >\n\t\t<link id='fancybox-css' href='https:\/\/www.fdimpulse.com\/site\/wp-content\/plugins\/unlimited-elements-for-elementor-premium\/assets_libraries\/fancybox3\/jquery.fancybox.min.css' type='text\/css' rel='stylesheet' >\n\n\t\t\t<style type=\"text\/css\">\/* widget: Content Carousel *\/\n\n.ue-content-carousel{\n  min-height:1px;\n}\n\n#uc_content_carousel_new_elementor_803b0f7 .ue-item{\n  transition:0.3s;\n  position:relative;\n}\n\n#uc_content_carousel_new_elementor_803b0f7 .carousel-image{\n  transition:0.3s;\n}\n#uc_content_carousel_new_elementor_803b0f7{\n  position:relative;\n  min-height:1px;\n}\n\n#uc_content_carousel_new_elementor_803b0f7 .ue-content-holder{\n  display:flex;\n  flex-direction:column;\n}\n\n#uc_content_carousel_new_elementor_803b0f7 .ue-btn-holder{\n  margin-top:auto;\n}\n\n#uc_content_carousel_new_elementor_803b0f7 .owl-nav .owl-prev{\n    position:absolute;\n    display:inline-block;\n    text-align:center;\n}\n\n#uc_content_carousel_new_elementor_803b0f7 .owl-nav .owl-next{\n  position:absolute;\n  display:inline-block;\n  text-align:center;\n}\n\n\n#uc_content_carousel_new_elementor_803b0f7 .owl-dots {\noverflow:hidden;\ntext-align:center;\n}\n\n#uc_content_carousel_new_elementor_803b0f7 .owl-dot {\nborder-radius:50%;\ndisplay:inline-block;\n}\n\n.uc_post_title{\n  font-size:21px;\n}\n\n#uc_content_carousel_new_elementor_803b0f7 .uc_image_carousel_container_holder{\n  overflow:hidden;\n}\n\n#uc_content_carousel_new_elementor_803b0f7 .uc_more_btn{  \n    display:inline-block;\n  text-decoration:none;\n  text-align:center;\n  transition:0.3s;\n}\n\n\n\n#uc_content_carousel_new_elementor_803b0f7 .uc_date{\n  color:gray;\n  padding-top:10px;\n  text-style:italic;\n}\n\n\n\n\n\n\n\n\n#uc_content_carousel_new_elementor_803b0f7 .ue-btn-inner-wrapper{\n  display:inline-flex;\n  align-items:center;\n}\n\n#uc_content_carousel_new_elementor_803b0f7 .ue-btn-inner-wrapper svg{\n  height:1em;\n  width:1em;\n}\n\n#uc_content_carousel_new_elementor_803b0f7 .uc_image_carousel_placeholder{\n  position:relative;\n}\n\n#uc_content_carousel_new_elementor_803b0f7 .ue_img_link{\n  display:block;\n  position:absolute;\n  top:0px;\n  right:0px;\n  left:0px;\n  bottom:0px;\n}\n\n\/* start creative button hover styles *\/\n#uc_content_carousel_new_elementor_803b0f7 .uc_content{\n  display: flex;\n  flex-wrap: wrap;\n}\n\n\/* GENERAL BUTTON STYLING *\/\n#uc_content_carousel_new_elementor_803b0f7 .uc_button {\n  overflow:hidden;\n}\n\n#uc_content_carousel_new_elementor_803b0f7 .uc_button,\n#uc_content_carousel_new_elementor_803b0f7 .uc_button::after {\n\ttransition: all 0.3s;\n}\n\n#uc_content_carousel_new_elementor_803b0f7 .uc_button {\n  position: relative;\n}\n\n#uc_content_carousel_new_elementor_803b0f7 .uc_button span{\n  z-index: 2;\n  position: relative;\n  display: block;\n}\n\n#uc_content_carousel_new_elementor_803b0f7 .uc_button::before,\n#uc_content_carousel_new_elementor_803b0f7 .uc_button::after {\n  content: '';\n  position: absolute;\n  z-index: 1;\n}\n\n\/* BUTTON 1 *\/\n#uc_content_carousel_new_elementor_803b0f7 .uc_btn-1::after {\n  height: 0;\n  left: 0;\n  top: 0;\n  width: 100%;\n}\n\n#uc_content_carousel_new_elementor_803b0f7 .uc_btn-1:hover:after {\n  height: 100%;\n}\n\n\/* BUTTON 7 *\/\n#uc_content_carousel_new_elementor_803b0f7 .uc_btn-7::after {\n  height: 0;\n  left: 0;\n  bottom: 0;\n  width: 100%;\n}\n\n#uc_content_carousel_new_elementor_803b0f7 .uc_btn-7:hover:after {\n  height: 100%;\n}\n\n\/* BUTTON 2 *\/\n#uc_content_carousel_new_elementor_803b0f7 .uc_btn-2::after {\n  height: 100%;\n  left: 0;\n  top: 0;\n  width: 0;\n}\n\n#uc_content_carousel_new_elementor_803b0f7 .uc_btn-2:hover:after {\n  width: 100%;\n}\n\n\/* BUTTON 6 *\/\n#uc_content_carousel_new_elementor_803b0f7 .uc_btn-6::after {\n  height: 100%;\n  right: 0;\n  top: 0;\n  width: 0;\n}\n\n#uc_content_carousel_new_elementor_803b0f7 .uc_btn-6:hover:after {\n  width: 100%;\n}\n\n\/* BUTTON 3 *\/\n#uc_content_carousel_new_elementor_803b0f7 .uc_btn-3::after {\n  height: 0;\n  left: 50%;\n  top: 50%;\n  width: 0;\n}\n\n#uc_content_carousel_new_elementor_803b0f7 .uc_btn-3:hover:after {\n  height: 100%;\n  left: 0;\n  top: 0;\n  width: 100%;\n}\n\n\n\/* BUTTON 4 *\/\n#uc_content_carousel_new_elementor_803b0f7 .uc_btn-4::before {\n}\n\n#uc_content_carousel_new_elementor_803b0f7 .uc_btn-4::after {\n  height: 100%;\n  left: 0;\n  top: 0;\n  width: 100%;\n}\n\n#uc_content_carousel_new_elementor_803b0f7 .uc_btn-4:hover:after{\n  height: 0;\n  left: 50%;\n  top: 50%;\n  width: 0;\n}\n\n\n\/* BUTTON 5 *\/\n#uc_content_carousel_new_elementor_803b0f7 .uc_btn-5 {\n  overflow: hidden;\n}\n\n#uc_content_carousel_new_elementor_803b0f7 .uc_btn-5::after {\n  height: 100%;\n  left: -100%;\n  top: 0;\n  transform: skew(50deg);\n  transition-duration: 0.6s;\n  transform-origin: top left;\n  width: 0;\n}\n\n#uc_content_carousel_new_elementor_803b0f7 .uc_btn-5:hover:after {\n  height: 100%;\n  width: 200%;\n}\n\/* end styles *\/\n\n<\/style>\n\n\t\t\t<div class=\"ue-content-carousel\" >\n   <div class=\"uc_carousel owl-carousel owl-theme uc-items-wrapper   \" id=\"uc_content_carousel_new_elementor_803b0f7\" data-lightbox=\"false\" data-equal-height=\"false\"  >\n   \t\t<div class=\"uc_image_carousel_container_holder ue-item\">\n    <div class=\"uc_image_carousel_placeholder\">\n    \n    <div style=\"background-image:url(https:\/\/www.fdimpulse.com\/site\/wp-content\/uploads\/2025\/10\/missao.jpg);background-position:center; background-repeat:no-repeat;\" class=\"carousel-image\"><\/div>\n    \n        \n        \n  <\/div>\n  \n    <div class=\"uc_image_carousel_content content-padding ue-content-holder\">\n    \n            <div style=\"width:100%;\">\n                                <div class=\"ue-title\">MISS\u00c3O<\/div>\n                            <div class=\"ue-text\" ><p>Ser refer\u00eancia em solu\u00e7\u00f5es inovadoras, entregando tecnologia de ponta, de forma \u00e1gil e humana, para que nossos clientes transformem desafios em resultados concretos e cres\u00e7am com confian\u00e7a.<\/p><\/div>        <\/div>\n       \n    \n    \n    \n    <!-- put your not empty html here -->\n\n    \n    \n            \n  \n    \n    \n          \n        \n      <\/div>\n  <\/div>\n<div class=\"uc_image_carousel_container_holder ue-item\">\n    <div class=\"uc_image_carousel_placeholder\">\n    \n    <div style=\"background-image:url(https:\/\/www.fdimpulse.com\/site\/wp-content\/uploads\/2025\/10\/visao.jpg);background-position:center; background-repeat:no-repeat;\" class=\"carousel-image\"><\/div>\n    \n        \n        \n  <\/div>\n  \n    <div class=\"uc_image_carousel_content content-padding ue-content-holder\">\n    \n            <div style=\"width:100%;\">\n                                <div class=\"ue-title\">VIS\u00c3O<\/div>\n                            <div class=\"ue-text\" ><p>Tornar-se a escolha-natural para empresas que buscam evoluir, digitalizar seus neg\u00f3cios e antecipar-se ao futuro, promovendo impacto positivo em clientes, colaboradores e sociedade.<\/p><\/div>        <\/div>\n       \n    \n    \n    \n    <!-- put your not empty html here -->\n\n    \n    \n            \n  \n    \n    \n          \n        \n      <\/div>\n  <\/div>\n<div class=\"uc_image_carousel_container_holder ue-item\">\n    <div class=\"uc_image_carousel_placeholder\">\n    \n    <div style=\"background-image:url(https:\/\/www.fdimpulse.com\/site\/wp-content\/uploads\/2025\/10\/valores.jpg);background-position:center; background-repeat:no-repeat;\" class=\"carousel-image\"><\/div>\n    \n        \n        \n  <\/div>\n  \n    <div class=\"uc_image_carousel_content content-padding ue-content-holder\">\n    \n            <div style=\"width:100%;\">\n                                <div class=\"ue-title\">VALORES<\/div>\n                            <div class=\"ue-text\" ><p>Buscamos sempre pensar al\u00e9m e entregar o novo, pela excel\u00eancia e qualidade em cada projeto, pela parceria que cultivamos com clientes e colaboradores, e pelo aprendizado cont\u00ednuo que impulsiona nossa evolu\u00e7\u00e3o.<\/p><\/div>        <\/div>\n       \n    \n    \n    \n    <!-- put your not empty html here -->\n\n    \n    \n            \n  \n    \n    \n          \n        \n      <\/div>\n  <\/div>\n\n   <\/div>\t\n<\/div>\n\t\t\t<!-- end Content Carousel -->\t\t\t\t<\/div>\n\t\t\t\t<\/div>\n\t\t\t\t\t<\/div>\n\t\t<\/div>\n\t\t\t\t\t<\/div>\n\t\t<\/section>\n\t\t\t\t<\/div>\n\t\t","protected":false},"excerpt":{"rendered":"<p>FD Impulse Sua equipe com os melhores resultados A FD Impulse \u00e9 uma consultoria especializada em impulsionar o desempenho de empresas e empreendedores atrav\u00e9s de planejamento estrat\u00e9gico, gest\u00e3o comercial e capacita\u00e7\u00e3o profissional. Com uma equipe experiente e multidisciplinar, a FD Impulse atua na constru\u00e7\u00e3o de planos comerciais, estrutura\u00e7\u00e3o de times de vendas, treinamento de equipes e suporte a microempreendedores individuais, sempre com foco em resultados reais e sustent\u00e1veis. Al\u00e9m da consultoria, a FD Impulse oferece solu\u00e7\u00f5es educacionais e administrativas, como o curso Dominando Planilhas 2.0 e os planos de Administra\u00e7\u00e3o e Regulariza\u00e7\u00e3o de MEI, permitindo que cada cliente tenha um suporte completo, da estrat\u00e9gia \u00e0 execu\u00e7\u00e3o. MISS\u00c3O Ser refer\u00eancia em solu\u00e7\u00f5es inovadoras, entregando tecnologia de ponta, de forma \u00e1gil e humana, para que nossos clientes transformem desafios em resultados concretos e cres\u00e7am com confian\u00e7a. VIS\u00c3O Tornar-se a escolha-natural para empresas que buscam evoluir, digitalizar seus neg\u00f3cios e antecipar-se ao futuro, promovendo impacto positivo em clientes, colaboradores e sociedade. VALORES Buscamos sempre pensar al\u00e9m e entregar o novo, pela excel\u00eancia e qualidade em cada projeto, pela parceria que cultivamos com clientes e colaboradores, e pelo aprendizado cont\u00ednuo que impulsiona nossa evolu\u00e7\u00e3o.<\/p>\n","protected":false},"author":1,"featured_media":0,"parent":0,"menu_order":0,"comment_status":"closed","ping_status":"closed","template":"elementor_header_footer","meta":{"footnotes":""},"class_list":["post-1517","page","type-page","status-publish","hentry"],"acf":[],"_links":{"self":[{"href":"https:\/\/www.fdimpulse.com\/site\/wp-json\/wp\/v2\/pages\/1517","targetHints":{"allow":["GET"]}}],"collection":[{"href":"https:\/\/www.fdimpulse.com\/site\/wp-json\/wp\/v2\/pages"}],"about":[{"href":"https:\/\/www.fdimpulse.com\/site\/wp-json\/wp\/v2\/types\/page"}],"author":[{"embeddable":true,"href":"https:\/\/www.fdimpulse.com\/site\/wp-json\/wp\/v2\/users\/1"}],"replies":[{"embeddable":true,"href":"https:\/\/www.fdimpulse.com\/site\/wp-json\/wp\/v2\/comments?post=1517"}],"version-history":[{"count":195,"href":"https:\/\/www.fdimpulse.com\/site\/wp-json\/wp\/v2\/pages\/1517\/revisions"}],"predecessor-version":[{"id":6235,"href":"https:\/\/www.fdimpulse.com\/site\/wp-json\/wp\/v2\/pages\/1517\/revisions\/6235"}],"wp:attachment":[{"href":"https:\/\/www.fdimpulse.com\/site\/wp-json\/wp\/v2\/media?parent=1517"}],"curies":[{"name":"wp","href":"https:\/\/api.w.org\/{rel}","templated":true}]}}